{"id":273,"date":"2016-01-04T12:00:14","date_gmt":"2016-01-04T11:00:14","guid":{"rendered":"http:\/\/www.proisl.net\/wp\/?page_id=273"},"modified":"2023-08-06T14:30:52","modified_gmt":"2023-08-06T12:30:52","slug":"das-team","status":"publish","type":"page","link":"https:\/\/www.proisl.net\/wp\/?page_id=273","title":{"rendered":"Team"},"content":{"rendered":"<p>Mit Leidenschaft, Herzlichkeit und Liebe zum Detail freuen wir uns, Sie beim Weinbau Proisl mit hausgemachten Schmankerl aus der K\u00fcche und feinen Weinen zu verw\u00f6hnen.<\/p>\n<p>Neben dem Buschenschank freuen wir uns auf Ihren Besuch bei diversen <a href=\"https:\/\/www.proisl.net\/wp\/?page_id=319\">Veranstaltungen<\/a>.\u00a0<span style=\"font-family: Arial, Helvetica, sans-serif;\">Sie sind auf der Suche nach einem passenden Catering f\u00fcr Ihre Feierlichkeit wie Hochzeit, Taufe oder Firmenjubil\u00e4um? Sehr gerne sind wir f\u00fcr Sie da.<\/span><\/p>\n<p>Wir freuen uns auf Sie!<\/p>\n<p>Marlene, Dagmar, Franz, Denise &amp; Matthias<\/p>\n<p><img loading=\"lazy\" decoding=\"async\" class=\"aligncenter wp-image-645 size-large\" src=\"https:\/\/www.proisl.net\/wp\/wp-content\/uploads\/2023\/08\/DSC_9714-1024x681.jpg\" alt=\"\" width=\"900\" height=\"599\" srcset=\"https:\/\/www.proisl.net\/wp\/wp-content\/uploads\/2023\/08\/DSC_9714-1024x681.jpg 1024w, https:\/\/www.proisl.net\/wp\/wp-content\/uploads\/2023\/08\/DSC_9714-300x200.jpg 300w, https:\/\/www.proisl.net\/wp\/wp-content\/uploads\/2023\/08\/DSC_9714-768x511.jpg 768w, https:\/\/www.proisl.net\/wp\/wp-content\/uploads\/2023\/08\/DSC_9714-150x100.jpg 150w, https:\/\/www.proisl.net\/wp\/wp-content\/uploads\/2023\/08\/DSC_9714-200x133.jpg 200w, https:\/\/www.proisl.net\/wp\/wp-content\/uploads\/2023\/08\/DSC_9714-250x166.jpg 250w, https:\/\/www.proisl.net\/wp\/wp-content\/uploads\/2023\/08\/DSC_9714-1536x1022.jpg 1536w, https:\/\/www.proisl.net\/wp\/wp-content\/uploads\/2023\/08\/DSC_9714-2048x1362.jpg 2048w, https:\/\/www.proisl.net\/wp\/wp-content\/uploads\/2023\/08\/DSC_9714-900x600.jpg 900w\" sizes=\"auto, (max-width: 900px) 100vw, 900px\" \/><\/p>\n","protected":false},"excerpt":{"rendered":"<p>Mit Leidenschaft, Herzlichkeit und Liebe zum Detail freuen wir uns, Sie beim Weinbau Proisl mit hausgemachten Schmankerl aus der K\u00fcche und feinen Weinen zu verw\u00f6hnen. Neben dem Buschenschank freuen wir uns auf Ihren Besuch bei diversen Veranstaltungen.\u00a0Sie sind auf der Suche nach einem passenden Catering f\u00fcr Ihre Feierlichkeit wie Hochzeit,\u2026<\/p>\n<p> <a class=\"continue-reading-link\" href=\"https:\/\/www.proisl.net\/wp\/?page_id=273\"><span>Continue reading<\/span><i class=\"crycon-right-dir\"><\/i><\/a> <\/p>\n","protected":false},"author":1,"featured_media":0,"parent":0,"menu_order":0,"comment_status":"closed","ping_status":"closed","template":"","meta":{"footnotes":""},"class_list":["post-273","page","type-page","status-publish","hentry"],"_links":{"self":[{"href":"https:\/\/www.proisl.net\/wp\/index.php?rest_route=\/wp\/v2\/pages\/273","targetHints":{"allow":["GET"]}}],"collection":[{"href":"https:\/\/www.proisl.net\/wp\/index.php?rest_route=\/wp\/v2\/pages"}],"about":[{"href":"https:\/\/www.proisl.net\/wp\/index.php?rest_route=\/wp\/v2\/types\/page"}],"author":[{"embeddable":true,"href":"https:\/\/www.proisl.net\/wp\/index.php?rest_route=\/wp\/v2\/users\/1"}],"replies":[{"embeddable":true,"href":"https:\/\/www.proisl.net\/wp\/index.php?rest_route=%2Fwp%2Fv2%2Fcomments&post=273"}],"version-history":[{"count":11,"href":"https:\/\/www.proisl.net\/wp\/index.php?rest_route=\/wp\/v2\/pages\/273\/revisions"}],"predecessor-version":[{"id":649,"href":"https:\/\/www.proisl.net\/wp\/index.php?rest_route=\/wp\/v2\/pages\/273\/revisions\/649"}],"wp:attachment":[{"href":"https:\/\/www.proisl.net\/wp\/index.php?rest_route=%2Fwp%2Fv2%2Fmedia&parent=273"}],"curies":[{"name":"wp","href":"https:\/\/api.w.org\/{rel}","templated":true}]}}