{"id":286,"date":"2016-01-04T13:36:58","date_gmt":"2016-01-04T12:36:58","guid":{"rendered":"http:\/\/www.proisl.net\/wp\/?page_id=286"},"modified":"2023-08-06T14:18:15","modified_gmt":"2023-08-06T12:18:15","slug":"rundgang","status":"publish","type":"page","link":"https:\/\/www.proisl.net\/wp\/?page_id=286","title":{"rendered":"Rundgang"},"content":{"rendered":"<p style=\"text-align: left;\">Unser gem\u00fctliches Buschenschanklokal l\u00e4dt zum Verweilen und Genie\u00dfen ein. Ob ein geselliger Abend mit Freunden oder ein Stehachterl in der Auslage &#8211; wir freuen uns auf Ihren Besuch!<\/p>\n<p style=\"text-align: left;\">Sehr gerne stehen unsere R\u00e4umlichkeiten auch f\u00fcr private Veranstaltungen (bis max. 30 Personen) zur Verf\u00fcgung. Lassen Sie sich mit einer individuellen Speisen- und Getr\u00e4nkeauswahl verw\u00f6hnen!<\/p>\n<p><img loading=\"lazy\" decoding=\"async\" class=\"aligncenter wp-image-291 size-large\" src=\"https:\/\/www.proisl.net\/wp\/wp-content\/uploads\/2016\/01\/IMG_2166-1024x683.jpg\" alt=\"\" width=\"900\" height=\"600\" srcset=\"https:\/\/www.proisl.net\/wp\/wp-content\/uploads\/2016\/01\/IMG_2166-1024x683.jpg 1024w, https:\/\/www.proisl.net\/wp\/wp-content\/uploads\/2016\/01\/IMG_2166-300x200.jpg 300w, https:\/\/www.proisl.net\/wp\/wp-content\/uploads\/2016\/01\/IMG_2166-768x512.jpg 768w, https:\/\/www.proisl.net\/wp\/wp-content\/uploads\/2016\/01\/IMG_2166-225x150.jpg 225w, https:\/\/www.proisl.net\/wp\/wp-content\/uploads\/2016\/01\/IMG_2166-150x100.jpg 150w\" sizes=\"auto, (max-width: 900px) 100vw, 900px\" \/><\/p>\n<p><img loading=\"lazy\" decoding=\"async\" class=\"aligncenter size-large wp-image-339\" src=\"https:\/\/www.proisl.net\/wp\/wp-content\/uploads\/2016\/01\/DSC_3699-1024x747.jpg\" alt=\"\" width=\"900\" height=\"657\" srcset=\"https:\/\/www.proisl.net\/wp\/wp-content\/uploads\/2016\/01\/DSC_3699-1024x747.jpg 1024w, https:\/\/www.proisl.net\/wp\/wp-content\/uploads\/2016\/01\/DSC_3699-300x219.jpg 300w, https:\/\/www.proisl.net\/wp\/wp-content\/uploads\/2016\/01\/DSC_3699-768x561.jpg 768w, https:\/\/www.proisl.net\/wp\/wp-content\/uploads\/2016\/01\/DSC_3699-205x150.jpg 205w, https:\/\/www.proisl.net\/wp\/wp-content\/uploads\/2016\/01\/DSC_3699-150x109.jpg 150w\" sizes=\"auto, (max-width: 900px) 100vw, 900px\" \/><\/p>\n<p><img loading=\"lazy\" decoding=\"async\" class=\"aligncenter size-large wp-image-289\" src=\"https:\/\/www.proisl.net\/wp\/wp-content\/uploads\/2016\/01\/IMG_2170-1024x683.jpg\" alt=\"\" width=\"900\" height=\"600\" srcset=\"https:\/\/www.proisl.net\/wp\/wp-content\/uploads\/2016\/01\/IMG_2170-1024x683.jpg 1024w, https:\/\/www.proisl.net\/wp\/wp-content\/uploads\/2016\/01\/IMG_2170-300x200.jpg 300w, https:\/\/www.proisl.net\/wp\/wp-content\/uploads\/2016\/01\/IMG_2170-768x512.jpg 768w, https:\/\/www.proisl.net\/wp\/wp-content\/uploads\/2016\/01\/IMG_2170-225x150.jpg 225w, https:\/\/www.proisl.net\/wp\/wp-content\/uploads\/2016\/01\/IMG_2170-150x100.jpg 150w\" sizes=\"auto, (max-width: 900px) 100vw, 900px\" \/><\/p>\n<p><img loading=\"lazy\" decoding=\"async\" class=\"aligncenter size-large wp-image-290\" src=\"https:\/\/www.proisl.net\/wp\/wp-content\/uploads\/2016\/01\/IMG_2172-1024x683.jpg\" alt=\"\" width=\"900\" height=\"600\" srcset=\"https:\/\/www.proisl.net\/wp\/wp-content\/uploads\/2016\/01\/IMG_2172-1024x683.jpg 1024w, https:\/\/www.proisl.net\/wp\/wp-content\/uploads\/2016\/01\/IMG_2172-300x200.jpg 300w, https:\/\/www.proisl.net\/wp\/wp-content\/uploads\/2016\/01\/IMG_2172-768x512.jpg 768w, https:\/\/www.proisl.net\/wp\/wp-content\/uploads\/2016\/01\/IMG_2172-225x150.jpg 225w, https:\/\/www.proisl.net\/wp\/wp-content\/uploads\/2016\/01\/IMG_2172-150x100.jpg 150w\" sizes=\"auto, (max-width: 900px) 100vw, 900px\" \/><\/p>\n","protected":false},"excerpt":{"rendered":"<p>Unser gem\u00fctliches Buschenschanklokal l\u00e4dt zum Verweilen und Genie\u00dfen ein. Ob ein geselliger Abend mit Freunden oder ein Stehachterl in der Auslage &#8211; wir freuen uns auf Ihren Besuch! Sehr gerne stehen unsere R\u00e4umlichkeiten auch f\u00fcr private Veranstaltungen (bis max. 30 Personen) zur Verf\u00fcgung. Lassen Sie sich mit einer individuellen Speisen-\u2026<\/p>\n<p> <a class=\"continue-reading-link\" href=\"https:\/\/www.proisl.net\/wp\/?page_id=286\"><span>Continue reading<\/span><i class=\"crycon-right-dir\"><\/i><\/a> <\/p>\n","protected":false},"author":1,"featured_media":0,"parent":0,"menu_order":0,"comment_status":"closed","ping_status":"closed","template":"","meta":{"footnotes":""},"class_list":["post-286","page","type-page","status-publish","hentry"],"_links":{"self":[{"href":"https:\/\/www.proisl.net\/wp\/index.php?rest_route=\/wp\/v2\/pages\/286","targetHints":{"allow":["GET"]}}],"collection":[{"href":"https:\/\/www.proisl.net\/wp\/index.php?rest_route=\/wp\/v2\/pages"}],"about":[{"href":"https:\/\/www.proisl.net\/wp\/index.php?rest_route=\/wp\/v2\/types\/page"}],"author":[{"embeddable":true,"href":"https:\/\/www.proisl.net\/wp\/index.php?rest_route=\/wp\/v2\/users\/1"}],"replies":[{"embeddable":true,"href":"https:\/\/www.proisl.net\/wp\/index.php?rest_route=%2Fwp%2Fv2%2Fcomments&post=286"}],"version-history":[{"count":21,"href":"https:\/\/www.proisl.net\/wp\/index.php?rest_route=\/wp\/v2\/pages\/286\/revisions"}],"predecessor-version":[{"id":647,"href":"https:\/\/www.proisl.net\/wp\/index.php?rest_route=\/wp\/v2\/pages\/286\/revisions\/647"}],"wp:attachment":[{"href":"https:\/\/www.proisl.net\/wp\/index.php?rest_route=%2Fwp%2Fv2%2Fmedia&parent=286"}],"curies":[{"name":"wp","href":"https:\/\/api.w.org\/{rel}","templated":true}]}}